{"id":267,"date":"2025-10-17T15:32:59","date_gmt":"2025-10-17T15:32:59","guid":{"rendered":"https:\/\/leneholmlarsen.dk\/?page_id=267"},"modified":"2026-02-01T16:02:47","modified_gmt":"2026-02-01T16:02:47","slug":"privatlivspolitik-2","status":"publish","type":"page","link":"https:\/\/leneholmlarsen.dk\/index.php\/privatlivspolitik-2\/","title":{"rendered":"Privatlivspolitik"},"content":{"rendered":"\n<p>Senest opdateret: 17 oktober 2025<\/p>\n\n\n\n<p>Denne hjemmeside drives af Lene Holm Larsen  og har til form\u00e5l at informere om bogen<em> Til dig, der har mistet.<\/em><\/p>\n\n\n\n<h3 class=\"wp-block-heading\">Personoplysninger<\/h3>\n\n\n\n<p>Vi indsamler ikke aktivt personlige oplysninger om bes\u00f8gende. Der er ingen kontaktformularer, nyhedsbreve eller brugerregistrering p\u00e5 denne side.<\/p>\n\n\n\n<h3 class=\"wp-block-heading\">Cookies<\/h3>\n\n\n\n<p>Da siden er bygget i WordPress, kan der automatisk blive placeret <strong>n\u00f8dvendige cookies<\/strong>, som hj\u00e6lper hjemmesiden med at fungere teknisk korrekt (fx til visning af indhold og sikkerhed).<\/p>\n\n\n\n<p>Vi bruger ikke cookies til markedsf\u00f8ring eller statistik, medmindre du som bruger aktivt har givet samtykke til det.<\/p>\n\n\n\n<p>Du kan altid slette eller blokere cookies i din browsers indstillinger.<\/p>\n\n\n\n<h3 class=\"wp-block-heading\">Eksterne links<\/h3>\n\n\n\n<p>Hvis du klikker p\u00e5 links til eksterne forhandlere eller andre platforme, g\u00e6lder deres privatlivspolitik \u2014 vi har ingen kontrol over, hvordan de behandler data.<\/p>\n\n\n\n<p><strong>Kontakt:<\/strong> kontakt@leneholmlarsen.dk<\/p>\n\n\n\n<p>       <\/p>\n\n\n<div class=\"wp-block-image\">\n<figure class=\"aligncenter size-large is-resized\"><img loading=\"lazy\" decoding=\"async\" width=\"2560\" height=\"1707\" src=\"https:\/\/leneholmlarsen.dk\/wp-content\/uploads\/2026\/02\/Daniela-Pacheco-Branding-Lene-HighRes-8-edited-2-scaled.jpg\" alt=\"\" class=\"wp-image-344\" style=\"width:424px;height:auto\" srcset=\"https:\/\/leneholmlarsen.dk\/wp-content\/uploads\/2026\/02\/Daniela-Pacheco-Branding-Lene-HighRes-8-edited-2-scaled.jpg 2560w, https:\/\/leneholmlarsen.dk\/wp-content\/uploads\/2026\/02\/Daniela-Pacheco-Branding-Lene-HighRes-8-edited-2-300x200.jpg 300w, https:\/\/leneholmlarsen.dk\/wp-content\/uploads\/2026\/02\/Daniela-Pacheco-Branding-Lene-HighRes-8-edited-2-1024x683.jpg 1024w, https:\/\/leneholmlarsen.dk\/wp-content\/uploads\/2026\/02\/Daniela-Pacheco-Branding-Lene-HighRes-8-edited-2-768x512.jpg 768w, https:\/\/leneholmlarsen.dk\/wp-content\/uploads\/2026\/02\/Daniela-Pacheco-Branding-Lene-HighRes-8-edited-2-1536x1024.jpg 1536w, https:\/\/leneholmlarsen.dk\/wp-content\/uploads\/2026\/02\/Daniela-Pacheco-Branding-Lene-HighRes-8-edited-2-2048x1365.jpg 2048w, https:\/\/leneholmlarsen.dk\/wp-content\/uploads\/2026\/02\/Daniela-Pacheco-Branding-Lene-HighRes-8-edited-2-1140x760.jpg 1140w\" sizes=\"auto, (max-width: 2560px) 100vw, 2560px\" \/><\/figure>\n<\/div>","protected":false},"excerpt":{"rendered":"<p>Senest opdateret: 17 oktober 2025 Denne hjemmeside drives af Lene Holm Larsen og har til form\u00e5l at informere om bogen Til dig, der har mistet. Personoplysninger Vi indsamler ikke aktivt personlige oplysninger om bes\u00f8gende. Der er ingen kontaktformularer, nyhedsbreve eller brugerregistrering p\u00e5 denne side. Cookies Da siden er bygget i WordPress, kan der automatisk blive placeret n\u00f8dvendige cookies, som hj\u00e6lper hjemmesiden med at fungere teknisk korrekt (fx til visning af indhold og sikkerhed). Vi bruger ikke cookies til markedsf\u00f8ring eller statistik, medmindre du som bruger aktivt har givet samtykke til det. Du kan altid slette eller blokere cookies i din browsers indstillinger. Eksterne links Hvis du klikker p\u00e5 links til eksterne forhandlere eller andre platforme, g\u00e6lder deres privatlivspolitik \u2014 vi har ingen kontrol over, hvordan de behandler data. Kontakt: kontakt@leneholmlarsen.dk<\/p>\n","protected":false},"author":1,"featured_media":0,"parent":0,"menu_order":4,"comment_status":"closed","ping_status":"closed","template":"","meta":{"footnotes":""},"class_list":["post-267","page","type-page","status-publish","hentry"],"_links":{"self":[{"href":"https:\/\/leneholmlarsen.dk\/index.php\/wp-json\/wp\/v2\/pages\/267","targetHints":{"allow":["GET"]}}],"collection":[{"href":"https:\/\/leneholmlarsen.dk\/index.php\/wp-json\/wp\/v2\/pages"}],"about":[{"href":"https:\/\/leneholmlarsen.dk\/index.php\/wp-json\/wp\/v2\/types\/page"}],"author":[{"embeddable":true,"href":"https:\/\/leneholmlarsen.dk\/index.php\/wp-json\/wp\/v2\/users\/1"}],"replies":[{"embeddable":true,"href":"https:\/\/leneholmlarsen.dk\/index.php\/wp-json\/wp\/v2\/comments?post=267"}],"version-history":[{"count":6,"href":"https:\/\/leneholmlarsen.dk\/index.php\/wp-json\/wp\/v2\/pages\/267\/revisions"}],"predecessor-version":[{"id":346,"href":"https:\/\/leneholmlarsen.dk\/index.php\/wp-json\/wp\/v2\/pages\/267\/revisions\/346"}],"wp:attachment":[{"href":"https:\/\/leneholmlarsen.dk\/index.php\/wp-json\/wp\/v2\/media?parent=267"}],"curies":[{"name":"wp","href":"https:\/\/api.w.org\/{rel}","templated":true}]}}