{"id":348,"date":"2026-02-18T16:28:02","date_gmt":"2026-02-18T16:28:02","guid":{"rendered":"https:\/\/leneholmlarsen.dk\/?page_id=348"},"modified":"2026-02-18T16:36:02","modified_gmt":"2026-02-18T16:36:02","slug":"publikationer","status":"publish","type":"page","link":"https:\/\/leneholmlarsen.dk\/index.php\/publikationer\/","title":{"rendered":"Publikationer"},"content":{"rendered":"\n<p>Larsen, L. (2025) Til dig, der har mistet.&nbsp; Eksistensen ISBN978-87-410-1210-0<\/p>\n\n\n\n<p>Hybholt, L., O&#8217;Connor, M., Buskbjerg, M. H., &amp; Holm Larsen, L. (2025). Knowledge production in participatory grief research: A dialogical theoretical approach. Death Studies, 1-12. Advance online publication. https:\/\/doi.org\/10.1080\/07481187.2025.2547239<\/p>\n\n\n\n<p>Reitsma, L., Killikelly, C., M\u00fcller, H., Larsen, L. H., Nijborg, L. C. J., Boelen, P. A., &amp; Lenferink, L. I. M. (2025). Prevalence and correlates of positive and negative psychological effects of bereavement due to COVID-19: A systematic review. Journal of Affective Disorders, 378, 19-35. <a href=\"https:\/\/doi.org\/10.1016\/j.jad.2025.02.078\">https:\/\/doi.org\/10.1016\/j.jad.2025.02.078<\/a><\/p>\n\n\n\n<p>Larsen, L. og Guldberg, A. (2024). Unge i sorg: St\u00f8t de unge voksne efterladte i din praksis. <em>M\u00e5nedsskrift<\/em> <em>for Almen Praksis<\/em>, december, 12-20.<\/p>\n\n\n\n<p>Larsen, L. H., Hybholt, L., &amp; O\u2019Connor, M. (2024). Lived experience and the dual process model of coping with bereavement: A participatory research study.&nbsp;<em>Death Studies<\/em>, 1\u201312. <a href=\"https:\/\/doi.org\/10.1080\/07481187.2024.2355244\">https:\/\/doi.org\/10.1080\/07481187.2024.2355244<\/a><\/p>\n\n\n\n<p>M\u00fcller, H., Zsak, E., O\u2019Connor, M., Keegan, O., Graven \u00d8stergaard, T., &amp; Holm Larsen, L.&nbsp;(2024).&nbsp;The European Grief Conference, Copenhagen 2022: An effort to unite the field of bereavement care in Europe.&nbsp;<em>Death Studies<\/em>. Advance online publication.&nbsp;<a href=\"https:\/\/doi.org\/10.1080\/07481187.2024.2324908\">https:\/\/doi.org\/10.1080\/07481187.2024.2324908<\/a><\/p>\n\n\n\n<p>Reitsma, L., Killikelly, C., M\u00fcller, H., Larsen, L., Boelen, P., &amp; Lenferink, L. (2023). Prevalence and correlates of positive and negative psychological effects of bereavement due to COVID-19: A living systematic review. F1000Research, 12, Artikel 237. <a href=\"https:\/\/doi.org\/10.12688\/f1000research.130397.1\">https:\/\/doi.org\/10.12688\/f1000research.130397.1<\/a><\/p>\n\n\n\n<p>Guldberg, A., Larsen, L., Bache, M. Riber, K., Engelbrekt, P., &amp; Finnedal, M. (2023). Sorgfokuseret terapi i gruppe \u2013 baseret p\u00e5 brevskrivning. En manual for sorgterapi til unge voksne.&nbsp; Det Nationale Sorgcenter, K\u00f8benhavn, Danmark.<\/p>\n\n\n\n<p>Harrsen, K., T\u00f8lb\u00f8ll, M. M., &amp; Larsen, L. H. (2022). Effects of an Integrated Treatment Program on Grief and Distress Among Parentally Bereaved Young Adults. OMEGA &#8211; Journal of Death and Dying, 89(1), 155-171. <a href=\"https:\/\/doi.org\/10.1177\/00302228211069713\">https:\/\/doi.org\/10.1177\/00302228211069713<\/a><\/p>\n\n\n\n<p>Larsen, L. H. (2022). Letter Writing as a Clinical Tool in Grief Psychotherapy.&nbsp;<em>OMEGA &#8211; Journal of Death and Dying<\/em>,&nbsp;<em>89<\/em>(1), 222-246.&nbsp;<a href=\"https:\/\/doi.org\/10.1177\/00302228211070155\">https:\/\/doi.org\/10.1177\/00302228211070155<\/a><\/p>\n\n\n\n<p>Larsen, L.H &amp; T\u00f8lb\u00f8ll, M. M., (2022).&nbsp; Sorgsamtaler i almen praksis. Det Nationale Sorgcenter. K\u00f8benhavn, Danmark.<\/p>\n\n\n\n<p>Larsen, L. H., Guldberg, A., &amp; Kring, V. (2021). A Group Therapy Program for Parentally Bereaved Young Adults with Grief Complications: Rationale, Method and Case Examples. OMEGA &#8211; Journal of Death and Dying, 86(4), 1212-1234. <a href=\"https:\/\/doi.org\/10.1177\/0030222821997705\">https:\/\/doi.org\/10.1177\/0030222821997705<\/a><\/p>\n\n\n\n<p>Larsen, L. &amp; O\u2019Connor, M. Terapeutiske perspektiver, i Brinkmann, S., &amp; Petersen, A. (red.) (2021) Menneskets sorg: Et vilk\u00e5r i forandring. Klim. ISBN-13 9788772047263.<\/p>\n\n\n\n<p>Harrsen, K, Hvidberg, K.B. &amp; Larsen, L. (2021) Sundhedspersoners m\u00f8de med p\u00e5r\u00f8rende b\u00f8rn og unge til alvorligt syge i det danske sundhedsv\u00e6sen. Det Nationale Sorgcenter. K\u00f8benhavn, Danmark.<\/p>\n\n\n\n<p>O&#8217;Connor, M., Larsen, L., Joensen, B.V., Boelen, P.A., Maccallum, F., Komischke-Konnerup, K. and Bryant, R.A. (2020) Valid ICD-11 PGD Scales and Structured Clinical Interviews Needed. Front. Psychol. <a href=\"https:\/\/doi.org\/10.3389\/fpsyg.2020.01120\">https:\/\/doi.org\/10.3389\/fpsyg.2020.01120<\/a><\/p>\n\n\n\n<p>Larsen, L. Vitalis-Joensen, B., O\u2019Connor, M., &amp; Farver-Vestergaard, I. (2020) Psykologiske interventioner for mennesker med behandlingskr\u00e6vende sorg \u2013 Anbefalinger til praksis. Det Nationale Sorgcenter. K\u00f8benhavn, Danmark.<\/p>\n\n\n\n<p>O&#8217;Connor, M., Farver-Vestergaard, I., Larsen, L., Johannsen, M., Lundorff, M., Lasgaard, M.&nbsp; &amp; Boelen, P. (2019) Comparison of proposed diagnostic criteria for pathological grief using a sample of elderly bereaved spouses in Denmark: Perspectives on future bereavement research. Journal of Affective Disorders, Volume 251, 15 May 2019, Pages 52-59. <a href=\"https:\/\/doi.org\/10.1016\/j.jad.2019.01.056\">https:\/\/doi.org\/10.1016\/j.jad.2019.01.056<\/a><\/p>\n\n\n\n<p>Larsen, L., Lauritzen, L., &amp; O\u2019Connor, M. (2019). Kompliceret sorg og vedvarende sorglidelse. Psyke &amp; Logos, 39(1), 15-36. <a href=\"https:\/\/doi.org\/10.7146\/pl.v39i1.112158\">https:\/\/doi.org\/10.7146\/pl.v39i1.112158<\/a><\/p>\n\n\n\n<p>Larsen, L., Grau, S. M., Vitalis Joensen, B., Jepsen, J. F., &amp; Skrubbeltrang, C. (2018). Forebyggelse af komplicerede sorgreaktioner hos b\u00f8rn, unge, voksne og \u00e6ldre efter ventet eller uventet d\u00f8dsfald af en n\u00e6rtst\u00e5ende person. Center for Kliniske Retningslinjer &#8211; Clearinghouse. <a href=\"http:\/\/cfkr.dk\/media\/361621\/final_version_140918.pdf\">http:\/\/cfkr.dk\/media\/361621\/final_version_140918.pdf<\/a><\/p>\n","protected":false},"excerpt":{"rendered":"<p>Larsen, L. (2025) Til dig, der har mistet.&nbsp; Eksistensen ISBN978-87-410-1210-0 Hybholt, L., O&#8217;Connor, M., Buskbjerg, M. H., &amp; Holm Larsen, L. (2025). Knowledge production in participatory grief research: A dialogical theoretical approach. Death Studies, 1-12. Advance online publication. https:\/\/doi.org\/10.1080\/07481187.2025.2547239 Reitsma, L., Killikelly, C., M\u00fcller, H., Larsen, L. H., Nijborg, L. C. J., Boelen, P. A., &amp; Lenferink, L. I. M. (2025). Prevalence and correlates of positive and negative psychological effects of bereavement due to COVID-19: A systematic review. Journal of Affective Disorders, 378, 19-35. https:\/\/doi.org\/10.1016\/j.jad.2025.02.078 Larsen, L. og Guldberg, A. (2024). Unge i sorg: St\u00f8t de unge voksne efterladte i din praksis. M\u00e5nedsskrift for Almen Praksis, december, 12-20. Larsen, L. H., Hybholt, L., &amp; O\u2019Connor, M. (2024). Lived experience and the dual process model of coping with bereavement: A participatory research study.&nbsp;Death Studies, 1\u201312. https:\/\/doi.org\/10.1080\/07481187.2024.2355244 M\u00fcller, H., Zsak, E., O\u2019Connor, M., Keegan, O., Graven \u00d8stergaard, T., &amp; Holm Larsen, L.&nbsp;(2024).&nbsp;The European Grief Conference, Copenhagen 2022: An effort to unite the field of bereavement care in Europe.&nbsp;Death Studies. Advance online publication.&nbsp;https:\/\/doi.org\/10.1080\/07481187.2024.2324908 Reitsma, L., Killikelly, C., M\u00fcller, H., Larsen, L., Boelen, P., &amp; Lenferink, L. (2023). Prevalence and correlates of positive and negative psychological effects of bereavement due to COVID-19: A living systematic review. F1000Research, 12, Artikel 237. https:\/\/doi.org\/10.12688\/f1000research.130397.1 Guldberg, A., Larsen, L., Bache, M. Riber, K., Engelbrekt, P., &amp; Finnedal, M. (2023). Sorgfokuseret terapi i gruppe \u2013 baseret p\u00e5 brevskrivning. En manual for sorgterapi til unge voksne.&nbsp; Det Nationale Sorgcenter, K\u00f8benhavn, Danmark. Harrsen, K., T\u00f8lb\u00f8ll, M. M., &amp; Larsen, L. H. (2022). Effects of an Integrated Treatment Program on Grief and Distress Among Parentally Bereaved Young Adults. OMEGA &#8211; Journal of Death and Dying, 89(1), 155-171. https:\/\/doi.org\/10.1177\/00302228211069713 Larsen, L. H. (2022). Letter Writing as a Clinical Tool in Grief Psychotherapy.&nbsp;OMEGA &#8211; Journal of Death and Dying,&nbsp;89(1), 222-246.&nbsp;https:\/\/doi.org\/10.1177\/00302228211070155 Larsen, L.H &amp; T\u00f8lb\u00f8ll, M. M., (2022).&nbsp; Sorgsamtaler i almen praksis. Det Nationale Sorgcenter. K\u00f8benhavn, Danmark. Larsen, L. H., Guldberg, A., &amp; Kring, V. (2021). A Group Therapy Program for Parentally Bereaved Young Adults with Grief Complications: Rationale, Method and Case Examples. OMEGA &#8211; Journal of Death and Dying, 86(4), 1212-1234. https:\/\/doi.org\/10.1177\/0030222821997705 Larsen, L. &amp; O\u2019Connor, M. Terapeutiske perspektiver, i Brinkmann, S., &amp; Petersen, A. (red.) (2021) Menneskets sorg: Et vilk\u00e5r i forandring. Klim. ISBN-13 9788772047263. Harrsen, K, Hvidberg, K.B. &amp; Larsen, L. (2021) Sundhedspersoners m\u00f8de med p\u00e5r\u00f8rende b\u00f8rn og unge til alvorligt syge i det danske sundhedsv\u00e6sen. Det Nationale Sorgcenter. K\u00f8benhavn, Danmark. O&#8217;Connor, M., Larsen, L., Joensen, B.V., Boelen, P.A., Maccallum, F., Komischke-Konnerup, K. and Bryant, R.A. (2020) Valid ICD-11 PGD Scales and Structured Clinical Interviews Needed. Front. Psychol. https:\/\/doi.org\/10.3389\/fpsyg.2020.01120 Larsen, L. Vitalis-Joensen, B., O\u2019Connor, M., &amp; Farver-Vestergaard, I. (2020) Psykologiske interventioner for mennesker med behandlingskr\u00e6vende sorg \u2013 Anbefalinger til praksis. Det Nationale Sorgcenter. K\u00f8benhavn, Danmark. O&#8217;Connor, M., Farver-Vestergaard, I., Larsen, L., Johannsen, M., Lundorff, M., Lasgaard, M.&nbsp; &amp; Boelen, P. (2019) Comparison of proposed diagnostic criteria for pathological grief using a sample of elderly bereaved spouses in Denmark: Perspectives on future bereavement research. Journal of Affective Disorders, Volume 251, 15 May 2019, Pages 52-59. https:\/\/doi.org\/10.1016\/j.jad.2019.01.056 Larsen, L., Lauritzen, L., &amp; O\u2019Connor, M. (2019). Kompliceret sorg og vedvarende sorglidelse. Psyke &amp; Logos, 39(1), 15-36. https:\/\/doi.org\/10.7146\/pl.v39i1.112158 Larsen, L., Grau, S. M., Vitalis Joensen, B., Jepsen, J. F., &amp; Skrubbeltrang, C. (2018). Forebyggelse af komplicerede sorgreaktioner hos b\u00f8rn, unge, voksne og \u00e6ldre efter ventet eller uventet d\u00f8dsfald af en n\u00e6rtst\u00e5ende person. Center for Kliniske Retningslinjer &#8211; Clearinghouse. http:\/\/cfkr.dk\/media\/361621\/final_version_140918.pdf<\/p>\n","protected":false},"author":1,"featured_media":0,"parent":0,"menu_order":0,"comment_status":"closed","ping_status":"closed","template":"","meta":{"footnotes":""},"class_list":["post-348","page","type-page","status-publish","hentry"],"_links":{"self":[{"href":"https:\/\/leneholmlarsen.dk\/index.php\/wp-json\/wp\/v2\/pages\/348","targetHints":{"allow":["GET"]}}],"collection":[{"href":"https:\/\/leneholmlarsen.dk\/index.php\/wp-json\/wp\/v2\/pages"}],"about":[{"href":"https:\/\/leneholmlarsen.dk\/index.php\/wp-json\/wp\/v2\/types\/page"}],"author":[{"embeddable":true,"href":"https:\/\/leneholmlarsen.dk\/index.php\/wp-json\/wp\/v2\/users\/1"}],"replies":[{"embeddable":true,"href":"https:\/\/leneholmlarsen.dk\/index.php\/wp-json\/wp\/v2\/comments?post=348"}],"version-history":[{"count":5,"href":"https:\/\/leneholmlarsen.dk\/index.php\/wp-json\/wp\/v2\/pages\/348\/revisions"}],"predecessor-version":[{"id":352,"href":"https:\/\/leneholmlarsen.dk\/index.php\/wp-json\/wp\/v2\/pages\/348\/revisions\/352"}],"wp:attachment":[{"href":"https:\/\/leneholmlarsen.dk\/index.php\/wp-json\/wp\/v2\/media?parent=348"}],"curies":[{"name":"wp","href":"https:\/\/api.w.org\/{rel}","templated":true}]}}