{"id":95,"date":"2025-09-23T06:51:14","date_gmt":"2025-09-23T06:51:14","guid":{"rendered":"https:\/\/leneholmlarsen.dk\/?page_id=95"},"modified":"2026-02-01T14:55:37","modified_gmt":"2026-02-01T14:55:37","slug":"om-forfatteren","status":"publish","type":"page","link":"https:\/\/leneholmlarsen.dk\/index.php\/om-forfatteren\/","title":{"rendered":"Om Lene"},"content":{"rendered":"\n<figure class=\"wp-block-gallery alignleft has-nested-images columns-default is-cropped wp-block-gallery-2 is-layout-flex wp-block-gallery-is-layout-flex\">\n<figure class=\"wp-block-image size-large is-style-rounded wp-duotone-unset-1\"><img loading=\"lazy\" decoding=\"async\" width=\"683\" height=\"1024\" data-id=\"299\" src=\"http:\/\/leneholmlarsen.dk\/wp-content\/uploads\/2026\/02\/Daniela-Pacheco-Branding-Lene-LowRes-1-683x1024.jpg\" alt=\"\" class=\"wp-image-299\" style=\"aspect-ratio:1\" srcset=\"https:\/\/leneholmlarsen.dk\/wp-content\/uploads\/2026\/02\/Daniela-Pacheco-Branding-Lene-LowRes-1-683x1024.jpg 683w, https:\/\/leneholmlarsen.dk\/wp-content\/uploads\/2026\/02\/Daniela-Pacheco-Branding-Lene-LowRes-1-200x300.jpg 200w, https:\/\/leneholmlarsen.dk\/wp-content\/uploads\/2026\/02\/Daniela-Pacheco-Branding-Lene-LowRes-1-768x1152.jpg 768w, https:\/\/leneholmlarsen.dk\/wp-content\/uploads\/2026\/02\/Daniela-Pacheco-Branding-Lene-LowRes-1-1024x1536.jpg 1024w, https:\/\/leneholmlarsen.dk\/wp-content\/uploads\/2026\/02\/Daniela-Pacheco-Branding-Lene-LowRes-1.jpg 1129w\" sizes=\"auto, (max-width: 683px) 100vw, 683px\" \/><\/figure>\n<\/figure>\n\n\n\n<p><\/p>\n\n\n\n<p>Lene er uddannet psykolog. Hun l\u00e6ste til kandidat og Ph.d. i klinisk psykologi ved The University of Kentucky, USA. Derudover tog hun en MBA fra Northwestern University i Pennsylvania, USA.<\/p>\n\n\n\n<p>Lene arbejdede som psykolog, underviser og forsker i USA (Kentucky, Illinois, og Pennsylvania) i mange \u00e5r, inden hun i 2017 vendte tilbage til Danmark til en stilling i Det Nationale Sorgcenter.<\/p>\n\n\n\n<p>Lene har skrevet adskillige forskningsartikler, bogkapitler og rapporter, senest med fokus p\u00e5 sorg og sorgterapi. I oktober 2025 udkom Lenes f\u00f8rste bog: <em>Til dig, der har mistet.<\/em> Desuden underviser Lene i b\u00e5de Danmark og Gr\u00f8nland og deltager i international konferencer, hvor hun fort\u00e6ller om sit arbejde med sorg.<\/p>\n\n\n\n<p class=\"has-text-align-left\">Lene er ansat som Seniorforsker i Det Nationale Sorgcenter og Ekstern Lektor i Enhed for Sorgforskning ved Aarhus Universitet.<\/p>\n\n\n\n<p><\/p>\n","protected":false},"excerpt":{"rendered":"<p>Lene er uddannet psykolog. Hun l\u00e6ste til kandidat og Ph.d. i klinisk psykologi ved The University of Kentucky, USA. Derudover tog hun en MBA fra Northwestern University i Pennsylvania, USA. Lene arbejdede som psykolog, underviser og forsker i USA (Kentucky, Illinois, og Pennsylvania) i mange \u00e5r, inden hun i 2017 vendte tilbage til Danmark til en stilling i Det Nationale Sorgcenter. Lene har skrevet adskillige forskningsartikler, bogkapitler og rapporter, senest med fokus p\u00e5 sorg og sorgterapi. I oktober 2025 udkom Lenes f\u00f8rste bog: Til dig, der har mistet. Desuden underviser Lene i b\u00e5de Danmark og Gr\u00f8nland og deltager i international konferencer, hvor hun fort\u00e6ller om sit arbejde med sorg. Lene er ansat som Seniorforsker i Det Nationale Sorgcenter og Ekstern Lektor i Enhed for Sorgforskning ved Aarhus Universitet.<\/p>\n","protected":false},"author":1,"featured_media":0,"parent":0,"menu_order":3,"comment_status":"closed","ping_status":"closed","template":"templates\/template-full-width.php","meta":{"footnotes":""},"class_list":["post-95","page","type-page","status-publish","hentry"],"_links":{"self":[{"href":"https:\/\/leneholmlarsen.dk\/index.php\/wp-json\/wp\/v2\/pages\/95","targetHints":{"allow":["GET"]}}],"collection":[{"href":"https:\/\/leneholmlarsen.dk\/index.php\/wp-json\/wp\/v2\/pages"}],"about":[{"href":"https:\/\/leneholmlarsen.dk\/index.php\/wp-json\/wp\/v2\/types\/page"}],"author":[{"embeddable":true,"href":"https:\/\/leneholmlarsen.dk\/index.php\/wp-json\/wp\/v2\/users\/1"}],"replies":[{"embeddable":true,"href":"https:\/\/leneholmlarsen.dk\/index.php\/wp-json\/wp\/v2\/comments?post=95"}],"version-history":[{"count":16,"href":"https:\/\/leneholmlarsen.dk\/index.php\/wp-json\/wp\/v2\/pages\/95\/revisions"}],"predecessor-version":[{"id":318,"href":"https:\/\/leneholmlarsen.dk\/index.php\/wp-json\/wp\/v2\/pages\/95\/revisions\/318"}],"wp:attachment":[{"href":"https:\/\/leneholmlarsen.dk\/index.php\/wp-json\/wp\/v2\/media?parent=95"}],"curies":[{"name":"wp","href":"https:\/\/api.w.org\/{rel}","templated":true}]}}