{"id":98,"date":"2025-09-23T06:50:19","date_gmt":"2025-09-23T06:50:19","guid":{"rendered":"https:\/\/leneholmlarsen.dk\/?page_id=98"},"modified":"2026-02-01T15:15:57","modified_gmt":"2026-02-01T15:15:57","slug":"udgivelse","status":"publish","type":"page","link":"https:\/\/leneholmlarsen.dk\/","title":{"rendered":"Bog"},"content":{"rendered":"\n<p><\/p>\n\n\n\n<h2 class=\"wp-block-heading\"><em>Til dig, der har mistet<\/em><\/h2>\n\n\n\n<figure class=\"wp-block-gallery alignright has-nested-images columns-default is-cropped wp-block-gallery-1 is-layout-flex wp-block-gallery-is-layout-flex\">\n<figure class=\"wp-block-image size-full is-style-default\"><img loading=\"lazy\" decoding=\"async\" width=\"540\" height=\"672\" data-id=\"213\" src=\"https:\/\/leneholmlarsen.dk\/wp-content\/uploads\/2025\/10\/Skaermbillede-2025-10-13-173758.png\" alt=\"\" class=\"wp-image-213\" srcset=\"https:\/\/leneholmlarsen.dk\/wp-content\/uploads\/2025\/10\/Skaermbillede-2025-10-13-173758.png 540w, https:\/\/leneholmlarsen.dk\/wp-content\/uploads\/2025\/10\/Skaermbillede-2025-10-13-173758-241x300.png 241w\" sizes=\"auto, (max-width: 540px) 100vw, 540px\" \/><\/figure>\n<\/figure>\n\n\n\n<p>Hvordan lever man videre, n\u00e5r man har mistet et menneske, man elsker?   <\/p>\n\n\n\n<p>Sorg kan sl\u00e5 benene v\u00e6k under os. Den kan g\u00f8re verden uvirkelig og fylde livet med smerte, tomhed og meningsl\u00f8shed. N\u00e5r du st\u00e5r midt i det, kan det v\u00e6re sv\u00e6rt at tro p\u00e5, at det nogensinde kan blive anderledes. Men det kan det.<\/p>\n\n\n\n<p>Denne bog er skrevet til dig, der har mistet \u2013 for nylig eller l\u00e6ngere tid siden. Med varme, indsigt og stor faglig viden guider psykolog og sorgforsker Lene Holm Larsen dig gennem sorgens landskab og beskriver de f\u00f8lelser og reaktioner, der naturligt dukker op, n\u00e5r d\u00f8den kommer t\u00e6t p\u00e5 livet. Bogen bygger p\u00e5 mange \u00e5rs arbejde med efterladte og giver viden om sorg, sorgprocesser og menneskelige ressourcer. Viden kan st\u00f8tte og s\u00e6tte tanker i gang, og viden kan mindske uvisheden.<br><\/p>\n\n\n\n<p>TIL DIG, DER HAR MISTET er ikke en selvhj\u00e6lpsbog med hurtige l\u00f8sninger, men en hj\u00e6lp til at forst\u00e5 din sorg \u2013 og finde dine egne veje gennem den.<\/p>\n\n\n\n<div style=\"height:42px\" aria-hidden=\"true\" class=\"wp-block-spacer\"><\/div>\n\n\n\n<div class=\"wp-block-buttons is-layout-flex wp-block-buttons-is-layout-flex\">\n<div class=\"wp-block-button is-style-fill\"><a class=\"wp-block-button__link wp-element-button\" href=\"https:\/\/www.eksistensen.dk\/til-dig-der-har-mistet.html\">Bestil bogen her<\/a><\/div>\n<\/div>\n\n\n\n<p><\/p>\n","protected":false},"excerpt":{"rendered":"<p>Til dig, der har mistet Hvordan lever man videre, n\u00e5r man har mistet et menneske, man elsker? Sorg kan sl\u00e5 benene v\u00e6k under os. Den kan g\u00f8re verden uvirkelig og fylde livet med smerte, tomhed og meningsl\u00f8shed. N\u00e5r du st\u00e5r midt i det, kan det v\u00e6re sv\u00e6rt at tro p\u00e5, at det nogensinde kan blive anderledes. Men det kan det. Denne bog er skrevet til dig, der har mistet \u2013 for nylig eller l\u00e6ngere tid siden. Med varme, indsigt og stor faglig viden guider psykolog og sorgforsker Lene Holm Larsen dig gennem sorgens landskab og beskriver de f\u00f8lelser og reaktioner, der naturligt dukker op, n\u00e5r d\u00f8den kommer t\u00e6t p\u00e5 livet. Bogen bygger p\u00e5 mange \u00e5rs arbejde med efterladte og giver viden om sorg, sorgprocesser og menneskelige ressourcer. Viden kan st\u00f8tte og s\u00e6tte tanker i gang, og viden kan mindske uvisheden. TIL DIG, DER HAR MISTET er ikke en selvhj\u00e6lpsbog med hurtige l\u00f8sninger, men en hj\u00e6lp til at forst\u00e5 din sorg \u2013 og finde dine egne veje gennem den.<\/p>\n","protected":false},"author":1,"featured_media":0,"parent":0,"menu_order":1,"comment_status":"closed","ping_status":"closed","template":"templates\/template-full-width.php","meta":{"footnotes":""},"class_list":["post-98","page","type-page","status-publish","hentry"],"_links":{"self":[{"href":"https:\/\/leneholmlarsen.dk\/index.php\/wp-json\/wp\/v2\/pages\/98","targetHints":{"allow":["GET"]}}],"collection":[{"href":"https:\/\/leneholmlarsen.dk\/index.php\/wp-json\/wp\/v2\/pages"}],"about":[{"href":"https:\/\/leneholmlarsen.dk\/index.php\/wp-json\/wp\/v2\/types\/page"}],"author":[{"embeddable":true,"href":"https:\/\/leneholmlarsen.dk\/index.php\/wp-json\/wp\/v2\/users\/1"}],"replies":[{"embeddable":true,"href":"https:\/\/leneholmlarsen.dk\/index.php\/wp-json\/wp\/v2\/comments?post=98"}],"version-history":[{"count":27,"href":"https:\/\/leneholmlarsen.dk\/index.php\/wp-json\/wp\/v2\/pages\/98\/revisions"}],"predecessor-version":[{"id":326,"href":"https:\/\/leneholmlarsen.dk\/index.php\/wp-json\/wp\/v2\/pages\/98\/revisions\/326"}],"wp:attachment":[{"href":"https:\/\/leneholmlarsen.dk\/index.php\/wp-json\/wp\/v2\/media?parent=98"}],"curies":[{"name":"wp","href":"https:\/\/api.w.org\/{rel}","templated":true}]}}